{"id":5995,"date":"2023-09-12T18:52:49","date_gmt":"2023-09-12T18:52:49","guid":{"rendered":"https:\/\/iov.it.com\/privacy-policy\/"},"modified":"2024-10-11T15:12:10","modified_gmt":"2024-10-11T15:12:10","slug":"privacy-policy","status":"publish","type":"page","link":"https:\/\/iov.it.com\/en\/privacy-policy\/","title":{"rendered":"Privacy Policy"},"content":{"rendered":"&#13;\n<p>Questo Sito Web raccoglie alcuni Dati Personali dei propri Utenti.<\/p>&#13;\n<h2 class=\"wp-block-heading\">Data Controller  <\/h2>&#13;\n&#13;\n<p><strong>ITALIAN ORGANIC VEGETABLES S.C.A.<\/strong><\/p>&#13;\n<p>Holder&#8217;s Mail Address: privacy@iov.it.com<\/p>&#13;\n&#13;\n<h2 class=\"wp-block-heading\">Types of Data Collected<\/h2>&#13;\n&#13;\n<p>Among the Personal Data collected by this Web Site, either independently or through third parties, are: Cookies; Usage Data; first name; last name; email; geographic location; language.<\/p>&#13;\n&#13;\n<p>Full details on each type of Data collected are provided in the dedicated sections of this privacy policy or through specific informational texts displayed prior to the collection of such Data. Personal Data may be freely provided by the User or, in the case of Usage Data, automatically collected during the use of this Web Site.<br\/>Unless otherwise specified, all Data requested by this Web Site is mandatory. If the User refuses to provide them, it may be impossible for this Web Site to provide the Service. In cases where this Web Site indicates some Data as optional, Users are free to refrain from communicating such Data, without this having any consequence on the availability of the Service or its operation. Users who have any doubts about which Data is mandatory are encouraged to contact the Data Controller.<br\/>Any use of Cookies &#8211; or other tracking tools &#8211; by this Web Site or the owners of third party services used by this Web Site, unless otherwise specified, is for the purpose of providing the Service requested by the User, in addition to the additional purposes described in this document and in the Cookie Policy.    <\/p>&#13;\n<p>The User assumes responsibility for third party Personal Data obtained, published or shared through this Web Site and warrants that he or she has the right to communicate or disseminate it, releasing the Owner from any liability to third parties.<\/p>&#13;\n&#13;\n<h2 class=\"wp-block-heading\">Method and Place of Processing of Collected Data<\/h2>&#13;\n&#13;\n<h3><strong class=\"privacy-policy-tutorial\">Modalit\u00e0 di trattamento<\/strong><\/h3>&#13;\n<p>The Data Controller adopts appropriate security measures aimed at preventing unauthorized access, disclosure, modification or destruction of Personal Data.<br\/>The processing is carried out by means of computer and\/or telematic tools, with organizational methods and logics strictly related to the indicated purposes. In addition to the Data Controller, in some cases, other subjects involved in the organization of this Web Site (administrative, sales, marketing, legal, system administrators) or external subjects (such as third party technical service providers, postal couriers, hosting providers, IT companies, communication agencies) also appointed, if necessary, Data Processors by the Data Controller may have access to the Data. The updated list of Data Processors can always be requested from the Data Controller.  <\/p>&#13;\n<h3 class=\"iub-subheading iub-subheading-legal-basis-of-processing\">Base giuridica del trattamento<\/h3>&#13;\n<p>The Owner processes Personal Data related to the User if one of the following conditions exists:<\/p>&#13;\n<ul>&#13;\n<li>l\u2019Utente ha prestato il consenso per una o pi\u00f9 finalit\u00e0 specifiche; Nota: in alcuni ordinamenti il Titolare pu\u00f2 essere autorizzato a trattare Dati Personali senza che debba sussistere il consenso dell\u2019Utente o un\u2019altra delle basi giuridiche specificate di seguito, fino a quando l\u2019Utente non si opponga (\u201copt-out\u201d) a tale trattamento. Ci\u00f2 non \u00e8 tuttavia applicabile qualora il trattamento di Dati Personali sia regolato dalla legislazione europea in materia di protezione dei Dati Personali;<\/li>&#13;\n<li>il trattamento \u00e8 necessario all&#8217;esecuzione di un contratto con l\u2019Utente e\/o all&#8217;esecuzione di misure precontrattuali;<\/li>&#13;\n<li>il trattamento \u00e8 necessario per adempiere un obbligo legale al quale \u00e8 soggetto il Titolare;<\/li>&#13;\n<li>il trattamento \u00e8 necessario per l&#8217;esecuzione di un compito di interesse pubblico o per l&#8217;esercizio di pubblici poteri di cui \u00e8 investito il Titolare;<\/li>&#13;\n<li>il trattamento \u00e8 necessario per il perseguimento del legittimo interesse del Titolare o di terzi.<\/li>&#13;\n<\/ul>&#13;\n<p>However, it is always possible to ask the Data Controller to clarify the concrete legal basis of each processing and in particular to specify whether the processing is based on law, required by a contract or necessary to conclude a contract.<\/p>&#13;\n<h3>Luogo<\/h3>&#13;\n<p>The Data is processed at the Owner&#8217;s operational headquarters and at any other location where the parties involved in the processing are located. For more information, please contact the Data Controller.<br\/>The User&#8217;s Personal Data may be transferred to a country other than the country where the User is located. To obtain more information about the location of the processing, the User may refer to the section on Personal Data processing details.  <\/p>&#13;\n<p>The User has the right to obtain information regarding the legal basis for the transfer of Data outside the European Union or to an international organization under public international law or constituted by two or more countries, such as the UN, as well as regarding the security measures taken by the Controller to protect the Data.<br\/><br\/>The User may verify whether any of the transfers just described takes place by reviewing the section of this document on details of the processing of Personal Data or request information from the Controller by contacting him at the contact details given at the beginning.<\/p>&#13;\n<h3 class=\"iub-subheading iub-subheading-legal-time\">Periodo di conservazione<\/h3>&#13;\n<p class=\"iub-subheading iub-subheading-legal-time\">Data are processed and kept for the time required by the purposes for which they were collected.<\/p>&#13;\n<p>Therefore:<\/p>&#13;\n<ul>&#13;\n<li>I Dati Personali raccolti per scopi collegati all\u2019esecuzione di un contratto tra il Titolare e l\u2019Utente saranno trattenuti sino a quando sia completata l\u2019esecuzione di tale contratto.<\/li>&#13;\n<li>I Dati Personali raccolti per finalit\u00e0 riconducibili all\u2019interesse legittimo del Titolare saranno trattenuti sino al soddisfacimento di tale interesse. L\u2019Utente pu\u00f2 ottenere ulteriori informazioni in merito all\u2019interesse legittimo perseguito dal Titolare nelle relative sezioni di questo documento o contattando il Titolare.<\/li>&#13;\n<\/ul>&#13;\n<p>When processing is based on the User&#8217;s consent, the Controller may retain Personal Data longer until that consent is revoked. In addition, the Controller may be required to retain Personal Data for a longer period in compliance with a legal obligation or by order of an authority. <br\/><br\/>At the end of the retention period, the Personal Data will be deleted. Therefore, at the expiration of this period the right of access, deletion, rectification and the right to Data portability can no longer be exercised. <\/p>&#13;\n&#13;\n<h2 class=\"wp-block-heading\" id=\"data_processing_detailed_info\">Details of the processing of Personal Data<\/h2>&#13;\n&#13;\n<p>Personal Data are collected for the following purposes and using the following services:<\/p>&#13;\n<div class=\"box_primary box_10 expand collapsed\">&#13;\n<h3 class=\"expand-click w_icon_24 policyicon_purpose_10516059 iub-purpose iub-purpose-10516059\">Raccolta delle preferenze relative alla privacy<\/h3>&#13;\n<p>This type of service allows this Web Site to collect and save Users&#8217; preferences regarding the collection, use and processing of their personal information, as required by applicable privacy legislation.<\/p>&#13;\n<h4>Consent Solution di Purple Tech BV (Questo Sito Web)<\/h4>&#13;\n<div class=\"wrap\">&#13;\n<p>Purple Tech BV&#8217;s Consent Solution makes it possible to save and retrieve records of Users&#8217; consent to the processing of Personal Data, as well as the information and preferences expressed in connection with the consent provided.<br\/>For this purpose, it makes use of a Tracking Tool that stores information on the User&#8217;s device until it is processed by the System and stored locally. The Tracking Tool (a browser feature called localStorage) is then deleted. <\/p>&#13;\n<\/div>&#13;\n<p>Personal Data Processed: Data disclosed while using the service; Tracking Tools.<\/p>&#13;\n<p>Place of processing: Italy, Germany, Spain<\/p>&#13;\n<\/div>&#13;\n<h3>Contattare l&#8217;utente<\/h3>&#13;\n<h4><strong>Modulo di Contatto (Questo Sito Web):<\/strong><\/h4>&#13;\n<div class=\"wrap\">&#13;\n<p>The User, by filling out the contact form with their Data, consents to their use to respond to requests for information, quotes, or any other nature indicated by the header of the form.<\/p>&#13;\n<\/div>&#13;\n<p>Personal Data Processed: email; name.<\/p>&#13;\n<h3>Statistica<\/h3>&#13;\n<p>The services contained in this section allow the Data Controller to monitor and analyze traffic data and serve to track User behavior.<\/p>&#13;\n<h4 class=\"iub-service iub-service-8954102\">Matomo (questo Sito Web):<\/h4>&#13;\n<div class=\"wrap\">&#13;\n<p>Matomo is statistical software used by this Web Site to analyze data directly and without the help of a third party.<\/p>&#13;\n<\/div>&#13;\n<p>Personal Data Processed: Usage Data; Tracking Tools.<\/p>&#13;\n&#13;\n<h2 class=\"wp-block-heading\">User Rights<\/h2>&#13;\n<p>Gli Utenti possono esercitare determinati diritti con riferimento ai Dati trattati dal Titolare.<\/p>&#13;\n<p>In particolare, l\u2019Utente ha il diritto di:<\/p>&#13;\n<ul>&#13;\n<li><strong>revocare il consenso in ogni momento.<\/strong>\u00a0L\u2019Utente pu\u00f2 revocare il consenso al trattamento dei propri Dati Personali precedentemente espresso.<\/li>&#13;\n<li><strong>opporsi al trattamento dei propri Dati.<\/strong>\u00a0L\u2019Utente pu\u00f2 opporsi al trattamento dei propri Dati quando esso avviene su una base giuridica diversa dal consenso. Ulteriori dettagli sul diritto di opposizione sono indicati nella sezione sottostante.<\/li>&#13;\n<li><strong>accedere ai propri Dati.<\/strong>\u00a0L\u2019Utente ha diritto ad ottenere informazioni sui Dati trattati dal Titolare, su determinati aspetti del trattamento ed a ricevere una copia dei Dati trattati.<\/li>&#13;\n<li><strong>verificare e chiedere la rettificazione.<\/strong>\u00a0L\u2019Utente pu\u00f2 verificare la correttezza dei propri Dati e richiederne l\u2019aggiornamento o la correzione.<\/li>&#13;\n<li><strong>ottenere la limitazione del trattamento.<\/strong>\u00a0Quando ricorrono determinate condizioni, l\u2019Utente pu\u00f2 richiedere la limitazione del trattamento dei propri Dati. In tal caso il Titolare non tratter\u00e0 i Dati per alcun altro scopo se non la loro conservazione.<\/li>&#13;\n<li><strong>ottenere la cancellazione o rimozione dei propri Dati Personali.<\/strong>\u00a0Quando ricorrono determinate condizioni, l\u2019Utente pu\u00f2 richiedere la cancellazione dei propri Dati da parte del Titolare.<\/li>&#13;\n<li><strong>ricevere i propri Dati o farli trasferire ad altro titolare.<\/strong>\u00a0L\u2019Utente ha diritto di ricevere i propri Dati in formato strutturato, di uso comune e leggibile da dispositivo automatico e, ove tecnicamente fattibile, di ottenerne il trasferimento senza ostacoli ad un altro titolare. Questa disposizione \u00e8 applicabile quando i Dati sono trattati con strumenti automatizzati ed il trattamento \u00e8 basato sul consenso dell\u2019Utente, su un contratto di cui l\u2019Utente \u00e8 parte o su misure contrattuali ad esso connesse.<\/li>&#13;\n<li><strong>proporre reclamo.<\/strong>\u00a0L\u2019Utente pu\u00f2 proporre un reclamo all\u2019autorit\u00e0 di controllo della protezione dei dati personali competente o agire in sede giudiziale.<\/li>&#13;\n<\/ul>&#13;\n<h3 class=\"iub-subheading iub-subheading-legal-right-to-object\">Details of the right to object<\/h3>&#13;\n<p>Quando i Dati Personali sono trattati nell\u2019interesse pubblico, nell\u2019esercizio di pubblici poteri di cui \u00e8 investito il Titolare oppure per perseguire un interesse legittimo del Titolare, gli Utenti hanno diritto ad opporsi al trattamento per motivi connessi alla loro situazione particolare.<\/p>&#13;\n<p>Si fa presente agli Utenti che, ove i loro Dati fossero trattati con finalit\u00e0 di marketing diretto, possono opporsi al trattamento senza fornire alcuna motivazione. Per scoprire se il Titolare tratti dati con finalit\u00e0 di marketing diretto gli Utenti possono fare riferimento alle rispettive sezioni di questo documento.<\/p>&#13;\n<h3 class=\"iub-subheading iub-subheading-legal-how-to-exercise\">How to exercise rights<\/h3>&#13;\n<p>Per esercitare i diritti dell\u2019Utente, gli Utenti possono indirizzare una richiesta agli estremi di contatto del Titolare indicati in questo documento. Le richieste sono depositate a titolo gratuito e evase dal Titolare nel pi\u00f9 breve tempo possibile, in ogni caso entro un mese.<\/p>&#13;\n&#13;\n<h2 class=\"wp-block-heading\">Cookie Policy<\/h2>&#13;\n&#13;\n<p>This Web Site makes use of Tracking Tools. To learn more, the User may consult [borlabs-cookie type=&#8221;btn-consent-preferences&#8221; title=&#8221;Cookie Policy&#8221; \/]. <\/p>&#13;\n&#13;\n<h2 class=\"wp-block-heading\" id=\"further_data_processing_info\">More information about the treatment<\/h2>&#13;\n<h3 class=\"iub-subheading iub-subheading-legal-protection\">Litigation defense<\/h3>&#13;\n<p>I Dati Personali dell\u2019Utente possono essere utilizzati da parte del Titolare in giudizio o nelle fasi preparatorie alla sua eventuale instaurazione per la difesa da abusi nell&#8217;utilizzo di questo Sito Web o dei Servizi connessi da parte dell\u2019Utente.<br\/>L\u2019Utente dichiara di essere consapevole che il Titolare potrebbe essere obbligato a rivelare i Dati per ordine delle autorit\u00e0 pubbliche.<\/p>&#13;\n<h3 class=\"iub-subheading iub-subheading-legal-specific-info\">Specific disclosures<\/h3>&#13;\n<p>Su richiesta dell\u2019Utente, in aggiunta alle informazioni contenute in questa privacy policy, questo Sito Web potrebbe fornire all&#8217;Utente delle informative aggiuntive e contestuali riguardanti Servizi specifici, o la raccolta ed il trattamento di Dati Personali.<\/p>&#13;\n<h3 class=\"iub-subheading iub-subheading-legal-maintenance\">System logs and maintenance<\/h3>&#13;\n<p>Per necessit\u00e0 legate al funzionamento ed alla manutenzione, questo Sito Web e gli eventuali servizi terzi da essa utilizzati potrebbero raccogliere log di sistema, ossia file che registrano le interazioni e che possono contenere anche Dati Personali, quali l\u2019indirizzo IP Utente.<\/p>&#13;\n<h3 class=\"iub-subheading iub-subheading-legal-information-not-contained\">Information not contained in this policy<\/h3>&#13;\n<p>Ulteriori informazioni in relazione al trattamento dei Dati Personali potranno essere richieste in qualsiasi momento al Titolare del Trattamento utilizzando gli estremi di contatto.<\/p>&#13;\n<h3 class=\"iub-subheading iub-subheading-legal-how-do-not-track\">Response to &#8220;Do Not Track&#8221; requests<\/h3>&#13;\n<p>Questo Sito Web non supporta le richieste \u201cDo Not Track\u201d.<br\/>Per scoprire se gli eventuali servizi di terze parti utilizzati le supportino, l&#8217;Utente \u00e8 invitato a consultare le rispettive privacy policy.<\/p>&#13;\n<h3 class=\"iub-subheading iub-subheading-legal-changes-to-this-privacy-policy\">Changes to this privacy policy<\/h3>&#13;\n<p>Il Titolare del Trattamento si riserva il diritto di apportare modifiche alla presente privacy policy in qualunque momento notificandolo agli Utenti su questa pagina e, se possibile, su questo Sito Web nonch\u00e9, qualora tecnicamente e legalmente fattibile, inviando una notifica agli Utenti attraverso uno degli estremi di contatto di cui \u00e8 in possesso. Si prega dunque di consultare con frequenza questa pagina, facendo riferimento alla data di ultima modifica indicata in fondo.<br\/><br\/>Qualora le modifiche interessino trattamenti la cui base giuridica \u00e8 il consenso, il Titolare provveder\u00e0 a raccogliere nuovamente il consenso dell\u2019Utente, se necessario.<\/p>&#13;\n<hr\/>&#13;\n<h3>Definitions and Legal References<\/h3>&#13;\n<h4>Personal Data (or Data)<\/h4>&#13;\n<p>Costituisce dato personale qualunque informazione che, direttamente o indirettamente, anche in collegamento con qualsiasi altra informazione, ivi compreso un numero di identificazione personale, renda identificata o identificabile una persona fisica.<\/p>&#13;\n<h4>Usage Data<\/h4>&#13;\n<p>Sono le informazioni raccolte automaticamente attraverso questo Sito Web (anche da applicazioni di parti terze integrate in questo Sito Web), tra cui: gli indirizzi IP o i nomi a dominio dei computer utilizzati dall\u2019Utente che si connette con questo Sito Web, gli indirizzi in notazione URI (Uniform Resource Identifier), l\u2019orario della richiesta, il metodo utilizzato nell\u2019inoltrare la richiesta al server, la dimensione del file ottenuto in risposta, il codice numerico indicante lo stato della risposta dal server (buon fine, errore, ecc.) il paese di provenienza, le caratteristiche del browser e del sistema operativo utilizzati dal visitatore, le varie connotazioni temporali della visita (ad esempio il tempo di permanenza su ciascuna pagina) e i dettagli relativi all\u2019itinerario seguito all\u2019interno dell\u2019Applicazione, con particolare riferimento alla sequenza delle pagine consultate, ai parametri relativi al sistema operativo e all\u2019ambiente informatico dell\u2019Utente.<\/p>&#13;\n<h4>User<\/h4>&#13;\n<p>L&#8217;individuo che utilizza questo Sito Web che, salvo ove diversamente specificato, coincide con l&#8217;Interessato.<\/p>&#13;\n<h4>Interested<\/h4>&#13;\n<p>La persona fisica cui si riferiscono i Dati Personali.<\/p>&#13;\n<h4>Data Processor (or Manager)<\/h4>&#13;\n<p>La persona fisica, giuridica, la pubblica amministrazione e qualsiasi altro ente che tratta dati personali per conto del Titolare, secondo quanto esposto nella presente privacy policy.<\/p>&#13;\n<h4>Data Controller (or Owner)<\/h4>&#13;\n<p>La persona fisica o giuridica, l&#8217;autorit\u00e0 pubblica, il servizio o altro organismo che, singolarmente o insieme ad altri, determina le finalit\u00e0 e i mezzi del trattamento di dati personali e gli strumenti adottati, ivi comprese le misure di sicurezza relative al funzionamento ed alla fruizione di questo Sito Web. Il Titolare del Trattamento, salvo quanto diversamente specificato, \u00e8 il titolare di questo Sito Web.<\/p>&#13;\n<h4>This Web Site (or this Application)<\/h4>&#13;\n<p>Lo strumento hardware o software mediante il quale sono raccolti e trattati i Dati Personali degli Utenti.<\/p>&#13;\n<h4>Service<\/h4>&#13;\n<p>Il Servizio fornito da questo Sito Web cos\u00ec come definito nei relativi termini (se presenti) su questo sito\/applicazione.<\/p>&#13;\n<h4>European Union (or EU)<\/h4>&#13;\n<p>Salvo ove diversamente specificato, ogni riferimento all\u2019Unione Europea contenuto in questo documento si intende esteso a tutti gli attuali stati membri dell\u2019Unione Europea e dello Spazio Economico Europeo.<\/p>&#13;\n<h4>Cookie<\/h4>&#13;\n<p>I Cookie sono Strumenti di Tracciamento che consistono in piccole porzioni di dati conservate all&#8217;interno del browser dell&#8217;Utente.<\/p>&#13;\n<h4>Tracking Tool<\/h4>&#13;\n<p>Per Strumento di Tracciamento s\u2019intende qualsiasi tecnologia &#8211; es. Cookie, identificativi univoci, web beacons, script integrati, e-tag e fingerprinting &#8211; che consenta di tracciare gli Utenti, per esempio raccogliendo o salvando informazioni sul dispositivo dell\u2019Utente.<\/p>&#13;\n<hr\/>&#13;\n<h4>Legal references<\/h4>&#13;\n<p>La presente informativa privacy \u00e8 redatta sulla base di molteplici ordinamenti legislativi, inclusi gli artt. 13 e 14 del Regolamento (UE) 2016\/679.<\/p>&#13;\n<p>Ove non diversamente specificato, questa informativa privacy riguarda esclusivamente questo Sito Web.<\/p>&#13;\n","protected":false},"excerpt":{"rendered":"<p>&#13; Questo Sito Web raccoglie alcuni Dati Personali dei propri Utenti. &#13; Data Controller &#13; &#13; ITALIAN ORGANIC VEGETABLES S.C.A. &#13; Holder&#8217;s Mail Address: privacy@iov.it.com &#13; &#13; Types of Data Collected &#13; &#13; Among the Personal Data collected by this Web Site, either independently or through third parties, are: Cookies; Usage Data; first name; last [&hellip;]<\/p>\n","protected":false},"author":1,"featured_media":0,"parent":0,"menu_order":0,"comment_status":"closed","ping_status":"open","template":"","meta":{"footnotes":""},"class_list":["post-5995","page","type-page","status-publish","hentry"],"_links":{"self":[{"href":"https:\/\/iov.it.com\/en\/wp-json\/wp\/v2\/pages\/5995","targetHints":{"allow":["GET"]}}],"collection":[{"href":"https:\/\/iov.it.com\/en\/wp-json\/wp\/v2\/pages"}],"about":[{"href":"https:\/\/iov.it.com\/en\/wp-json\/wp\/v2\/types\/page"}],"author":[{"embeddable":true,"href":"https:\/\/iov.it.com\/en\/wp-json\/wp\/v2\/users\/1"}],"replies":[{"embeddable":true,"href":"https:\/\/iov.it.com\/en\/wp-json\/wp\/v2\/comments?post=5995"}],"version-history":[{"count":2,"href":"https:\/\/iov.it.com\/en\/wp-json\/wp\/v2\/pages\/5995\/revisions"}],"predecessor-version":[{"id":6000,"href":"https:\/\/iov.it.com\/en\/wp-json\/wp\/v2\/pages\/5995\/revisions\/6000"}],"wp:attachment":[{"href":"https:\/\/iov.it.com\/en\/wp-json\/wp\/v2\/media?parent=5995"}],"curies":[{"name":"wp","href":"https:\/\/api.w.org\/{rel}","templated":true}]}}